{"id":21,"date":"2023-01-17T15:37:31","date_gmt":"2023-01-17T15:37:31","guid":{"rendered":"https:\/\/taller51.com\/colab\/home\/"},"modified":"2023-09-27T16:10:26","modified_gmt":"2023-09-27T16:10:26","slug":"home","status":"publish","type":"page","link":"https:\/\/taller51.com\/colab\/","title":{"rendered":"Home"},"content":{"rendered":"\n\n\n\n\n\n\n\n<p>COLAB<\/p>\n\n\r\n<p>cambio clim\u00e1tico y territorios h\u00eddricos<\/p>\r\n\n\n<p style=\"text-align: justify;\"><span style=\"color: #eeece1;\"><em>CoLAB<\/em> <em>Cambio Clim\u00e1tico y Territorios H\u00eddricos<\/em>&nbsp; es una iniciativa de colaboraci\u00f3n internacional y de intercambio acad\u00e9mico estrat\u00e9gico en base a un laboratorio sobre experiencias comparadas, colaborativas y de investigaci\u00f3n de frontera que busca aportar en la formulaci\u00f3n de estrategias locales de planificaci\u00f3n a partir de la investigaci\u00f3n sobre el impacto del cambio clim\u00e1tico. CoLAB trabaja sobre la matriz territorial h\u00eddrica de nuestras ciudades con atenci\u00f3n a la vulnerabilidad, aplicando criterios que buscan potenciar la resiliencia y la sostenibilidad urbana.<br><\/span><\/p>\n\n\n\n\n\n\n\n\n\n\n\n\n\r\n\n\n\n<h3>REVISA EL PRIMER SEMINARIO <\/h3>\n<h3>INTERNACIONAL COLAB<span style=\"color: #fff;\"> 2023<\/span><\/h3>\n<h3><\/h3>\n<h6><span\u00a0style=\"font-weight: normal;\"=\"\">\n<\/span\u00a0style=\"font-weight:><\/h6><h3><\/h3>\n\n\n\n\n\n\n\n<p style=\"text-align: center; font-size: 13px;\"><strong>CoLAB Cambio Climatico y Territorios H\u00eddricos: Red de Investigacion en Resiliencia,Vulnerabilidad y Sostenibilidad Urbana<\/strong><\/p>\n<h4>LA<span style=\"color: #feb209;\"> INICIATIVA<\/span><\/h4>\n<p>&nbsp;Es una iniciativa con base en la Universidad de Los Lagos y su Departamento de Arquitectura y financiada por el Gobierno de Chile a trav\u00e9s de la Agencia Nacional de Investigaci\u00f3n y Desarrollo ANID y el fondo de Fomento a la Vinculaci\u00f3n Internacional para Instituciones de Investigaci\u00f3n Regionales a traves del Proyecto FOVI210066.<br>Forman parte del CoLAB la Universidad de Los Lagos (Chile), la Universidad Polit\u00e9cnica de Madrid (Espa\u00f1a), la Universidad Diego Portales (Chile) y la Pontificia Universidad Cat\u00f3lica de Ecuador (Ecuador).<\/p>\n\n\n\n\n\n\n\n\r\n\n\n\n\n\n\n\n\n\n\n\n\r\n\n\n\n<h4>LOS<span style=\"color: #feb209;\"> \u00c1MBITOS<\/span><\/h4>\n\n\n<p style=\"text-align: center; font-size: 13px;\"><strong>CoLAB Cambio Climatico y Territorios H\u00eddricos: Red de Investigacion en Resiliencia,Vulnerabilidad y Sostenibilidad Urbana<\/strong><\/p>\n\n\n<p>CoLAB se despliega en tres \u00e1mbitos: <strong><br><br>Investigaci\u00f3n del impacto del cambio clim\u00e1tico<\/strong> en la matriz territorial h\u00eddrica las ciudades intermedias costeras desde la resiliencia, la vulnerabilidad y la sostenibilidad urbanas para la formulaci\u00f3n de estrategias locales de planificaci\u00f3n y desarrollo en colaboraci\u00f3n con investigadores internacionales.<strong><br><br>Trabajo intrarregional entre universidades nacionales e internacionales<\/strong> con foco en la Regi\u00f3n de Los Lagos en Chile, para contribuir a la formaci\u00f3n de recursos humanos a distancia en Espa\u00f1a y Ecuador participando deexperiencias comparadas, colaborativas y de investigaci\u00f3n de frontera.<strong><br><br>Colaboraci\u00f3n internacional espec\u00edfica e intercambio acad\u00e9mico estrat\u00e9gico<\/strong> a modo de laboratorio, para contribuir al desarrollo de j\u00f3venes investigadores, estudiantes de pre y postgrado nacionales, en la resoluci\u00f3n de problemas globales aplicados en un territorio h\u00eddrico sur, urbano y local en desarrollo.<br><br><\/p>\n\n\n\n\n[feed_them_social cpt_id=448]\n\n\n\n","protected":false},"excerpt":{"rendered":"","protected":false},"author":1,"featured_media":0,"parent":0,"menu_order":0,"comment_status":"closed","ping_status":"closed","template":"","meta":{"nf_dc_page":"","pagelayer_contact_templates":[],"_pagelayer_content":"","footnotes":""},"class_list":["post-21","page","type-page","status-publish","hentry"],"_links":{"self":[{"href":"https:\/\/taller51.com\/colab\/wp-json\/wp\/v2\/pages\/21","targetHints":{"allow":["GET"]}}],"collection":[{"href":"https:\/\/taller51.com\/colab\/wp-json\/wp\/v2\/pages"}],"about":[{"href":"https:\/\/taller51.com\/colab\/wp-json\/wp\/v2\/types\/page"}],"author":[{"embeddable":true,"href":"https:\/\/taller51.com\/colab\/wp-json\/wp\/v2\/users\/1"}],"replies":[{"embeddable":true,"href":"https:\/\/taller51.com\/colab\/wp-json\/wp\/v2\/comments?post=21"}],"version-history":[{"count":5,"href":"https:\/\/taller51.com\/colab\/wp-json\/wp\/v2\/pages\/21\/revisions"}],"predecessor-version":[{"id":729,"href":"https:\/\/taller51.com\/colab\/wp-json\/wp\/v2\/pages\/21\/revisions\/729"}],"wp:attachment":[{"href":"https:\/\/taller51.com\/colab\/wp-json\/wp\/v2\/media?parent=21"}],"curies":[{"name":"wp","href":"https:\/\/api.w.org\/{rel}","templated":true}]}}