{"id":387,"date":"2023-02-14T21:59:39","date_gmt":"2023-02-14T21:59:39","guid":{"rendered":"https:\/\/taller51.com\/colab\/?page_id=387"},"modified":"2023-06-15T19:07:21","modified_gmt":"2023-06-15T19:07:21","slug":"participacion-colab","status":"publish","type":"page","link":"https:\/\/taller51.com\/colab\/participacion-colab\/","title":{"rendered":"Comit\u00e9s CoLAB"},"content":{"rendered":"\n\n\n\n\n\n\n\n<h2>Comit\u00e9 cient\u00edfico<\/h2>\n\n\n\n<p><strong>Claudio Magrini.<\/strong><br> Arquitecto, Polit\u00e9cnico de Mil\u00e1n. <br>Estudios de intercambio ETSAB, Escuela T\u00e9cnica superior de Arquitectura de Barcelona.<br>Mag\u00edster por la Pontificia Universidad Cat\u00f3lica de Chile. <br>Acad\u00e9mico y Director del Magister territorio y Paisaje, Universidad Diego Portales, Chile.\r\n<\/p>\n\n\n\n\n\n\n\n\n\n<p><strong><span style=\"color: rgb(71, 71, 71);\"><\/span> Mario del Castillo Oyarzun.<\/strong><\/p><p>Arquitecto, Universidad de Los Lagos, Chile.<\/p><p>Doctor en Periferias, Sostenibilidad y Vitalidad urbana, ETSAM, Universidad Polit\u00e9cnica de Madrid, Espa\u00f1a.<br>Licenciado en Artes, Universidad de Chile.<br>Director Departamento de Arquitectura. Universidad de los Lagos.<\/p>\n\n\n\n\n\n\n\n\n<p><font color=\"#474747\"><b>Claudia Castillo Haeger.<\/b><\/font><\/p><p><font color=\"#474747\"><b>Arquitecta, Universidad de Los Lagos, Chile.<\/b><\/font><\/p><p><font color=\"#474747\"><b>Doctora en Periferias, Sostenibilidad y Vitalidad urbana, ETSAM, Universidad Polit\u00e9cnica de Madrid, Espa\u00f1a.<\/b><\/font><\/p><p><font color=\"#474747\"><b>Directora de Investigaci\u00f3n. Universidad de los Lagos, Chile.<\/b><\/font><\/p>\n\n\n\n\n\n\n\n\n<p><span style=\"font-weight: 700; color: rgb(71, 71, 71);\">Elizabeth Wagemann.<\/span><br>Arquitecta Pontificia Universidad Cat\u00f3lica de Chile.<br>Mag\u00edster en Arquitectura de la Pontificia Universidad Cat\u00f3lica de Chile.<br>Doctora en Arquitectura, Universidad de Cambridge.<br>Coordinadora de Investigaci\u00f3n y Directora Laboratorio Ciudad y Territorio, Escuela de Arquitectura, Universidad Diego Portales, Chile.<br><\/p>\n\n\n\n\n\n\n\n\n<p><span style=\"font-weight: 700; color: rgb(71, 71, 71);\">Myriam J\u00e1come.<\/span>&nbsp;<\/p><p>Arquitecta, Universidad Central de Ecuador.&nbsp;<\/p><p>Master en Ciencias en Gesti\u00f3n Urbana MSc, Technische Universit\u00e4t Berlin, Alemania.&nbsp;<\/p><p>Experta Retornada para la Cooperaci\u00f3n Alemana (GIZ) GmbH<\/p><p>Centre for International Migration and Development (CIM).&nbsp;<\/p><p>Docente &#8211; Investigadora y Coordinadora de la Ingenier\u00eda en Planificaci\u00f3n Urbana y Territorial.&nbsp;<\/p><p>Pontificia Universidad Cat\u00f3lica de Ecuador, Ecuador.&nbsp;<\/p>\n\n\n\n\n\n\n\n\n<p><span style=\"font-weight: 700; color: rgb(71, 71, 71);\">Isabel Gonz\u00e1lez Garc\u00eda.<\/span><br>Arquitecta, Universidad Polit\u00e9cnica de Madrid, Espa\u00f1a.<br>Miembro de GIAU+S, Grupo de investigaci\u00f3n en Arquitectura, Urbanismo y Sostenibilidad de la Universidad Polit\u00e9cnica de Madrid.<br>Doctora y Subdirectora Departamento de Urban\u00edstica y Ordenaci\u00f3n del Territorio, ETSAM, Universidad Polit\u00e9cnica de Madrid, Espa\u00f1a.<br><\/p>\n\n\n\n\n\n\n\n\n<p><span style=\"font-weight: 700; color: rgb(71, 71, 71);\">Agust\u00edn Hern\u00e1ndez Aja.<\/span><br>Arquitecto, Universidad Polit\u00e9cnica de Madrid, Espa\u00f1a.<\/p><p>Doctor Universidad Polit\u00e9cnica de Madrid, Espa\u00f1a.&nbsp;<\/p><p>Catedr\u00e1tico de la Universidad Polit\u00e9cnica de Madrid, Espa\u00f1a.<\/p><p>Miembro de GIAU+S, Grupo de investigaci\u00f3n en Arquitectura, Urbanismo y Sostenibilidad de la Universidad Polit\u00e9cnica de Madrid.<\/p>\n\n\n\n\n\n\n\n\n<p><span style=\"font-weight: 700; color: rgb(71, 71, 71);\">Roberto Burdiles Allende.<\/span><br>Arquitecto, Universidad de Chile.<br>Magister en did\u00e1ctica del Proyecto, Diplomado en Habitabilidad y Medioambiente, Universidad del B\u00edo B\u00edo.<br>Decano Facultad de Arquitectura Construcci\u00f3n y Dise\u00f1o, Universidad del B\u00edo B\u00edo, Chile.<br><\/p>\n\n\n\n\n\n\n\n\n<p><strong>Javier Ruiz Sanchez.<\/strong><\/p><p>Arquitecto. Universidad Polit\u00e9cnica de Madrid.<\/p><p>Doctor por Universidad Polit\u00e9cnica de Madrid. Profesor Titular de Urbanismo, Universidad Polit\u00e9cnica de Madrid.<\/p><p>Investigador principal de LoCUS-UPM Interdisciplinary Lab on Complex Urban&amp;Regional Spatial Processes.<br>Coordinador del Programa de Doctorado UPM en Sostenibilidad y Regeneraci\u00f3n Urbana.<br>ETS Arquitectura &#8211; ETSAM, UPM, Espa\u00f1a.<br><\/p>\n\n\n\n\n\n\n\n\n<p><span style=\"font-weight: 700; color: rgb(71, 71, 71);\">Ana Zazo Moratalla.<\/span><br>Arquitecta, Universidad Polit\u00e9cnica de Madrid.<br>Doctora Periferias, Vitalidad y Sostenibilidad Urbana, ETSAM, Universidad Polit\u00e9cnica de Madrid, Espa\u00f1a.<br>Profesora e investigadora Departamento de Planificaci\u00f3n y Dise\u00f1o Urbano, Universidad del B\u00edo-B\u00edo, Chile<br><\/p>\n\n\n\n\n\n\n\n\n<p><span style=\"font-weight: 700; color: rgb(71, 71, 71);\">Francisco de la Barrera.<\/span><br>Bi\u00f3logo Ambiental, Universidad de Chile.<br>Doctor en Geograf\u00eda, Universitat de Barcelona, Espa\u00f1a.<br>Profesor Asociado, Facultad de Ciencias Ambientales. Universidad de Concepci\u00f3n, Chile.<br><\/p>\n\n\n\n\n\n\n\n\n\n\n\n<h2>Comit\u00e9 organizador \/ Comit\u00e9 editorial.<\/h2>\n\n\n\n<p><span style=\"font-weight: 700; color: rgb(71, 71, 71);\">Anita Catricura Silva.<\/span><br>Arquitecta, Universidad Diego Portales, Chile.<br>Universidad IUAV de Venecia, Italia.<br>Magister en Territorio y Paisaje, Universidad Diego Portales, Chile.<br>Acad\u00e9mica. Escuela de Arquitectura. Universidad de los Lagos.<br><\/p>\n\n\n\n\n\n\n\n\n\n<p><span style=\"color: rgb(71, 71, 71); font-weight: 700;\">Javiera Rolack Darwit.<\/span><br><\/p><p>Arquitecta, Universidad Diego Portales, Chile.<br>Magister en Territorio y Paisaje, Universidad Diego Portales, Chile.<br>Acad\u00e9mica. Escuela de Arquitectura. Universidad de los Lagos.<\/p>\n\n\n\n\n\n\n\n\n<p><span style=\"color: rgb(71, 71, 71); font-weight: 700;\">Andr\u00e9s San Mart\u00edn.<\/span><br><\/p><p>Arquitecto, Universidad Diego Portales, Chile.<br>Magister en Territorio y Paisaje, Universidad Diego Portales, Chile.<br>Acad\u00e9mico. Escuela de Arquitectura. Universidad de los Lagos.<\/p>\n\n\n\n\n\n\n\n\n<p><span style=\"color: rgb(71, 71, 71); font-weight: 700;\">Marcelo Rojas Vidal.<\/span><br><\/p><p>Arquitecto, Universidad ARCIS.<br>Magister en gesti\u00f3n de proyectos art\u00edsticos, UNIACC.<br>M\u00fasico independiente e Ilustrador.<br>Acad\u00e9mico y coordinador de vinculaci\u00f3n con el medio. Escuela de Arquitectura. Universidad de los Lagos.<\/p>\n\n\n\n\n\n\n\n\n\n\n<p><span style=\"font-weight: 700; color: rgb(71, 71, 71);\">Mario del Castillo Oyarzun.<\/span><br><\/p><p>Arquitecto, Universidad de Los Lagos, Chile.<br>Doctor en Periferias, Sostenibilidad y Vitalidad urbana, ETSAM, Universidad Polit\u00e9cnica de Madrid, Espa\u00f1a.<br>Licenciado en Artes, Universidad de Chile.<br>Director Departamento de Arquitectura. Universidad de los Lagos.<\/p>\n\n\n\n\n\n\n\n\n\n\n\n<h2>Colaboradores realizaci\u00f3n Seminario<\/h2>\n\n<p><span style=\"color: rgb(71, 71, 71);\"><strong>Carolina Hintze<\/strong><\/span><br>Apoyo en Redes Sociales y Web<\/p>\n\n<p><font color=\"#474747\"><b>Fernando Barrientos Kohler<\/b><\/font><\/p><p>T\u00e9cnico Transmisi\u00f3n Centro de Arte Molino Machmar-CAMM<\/p>\n\n\n\n\n\n\n\n\n\n\n","protected":false},"excerpt":{"rendered":"","protected":false},"author":1,"featured_media":0,"parent":0,"menu_order":0,"comment_status":"closed","ping_status":"closed","template":"","meta":{"nf_dc_page":"","pagelayer_contact_templates":[],"_pagelayer_content":"","footnotes":""},"class_list":["post-387","page","type-page","status-publish","hentry"],"_links":{"self":[{"href":"https:\/\/taller51.com\/colab\/wp-json\/wp\/v2\/pages\/387","targetHints":{"allow":["GET"]}}],"collection":[{"href":"https:\/\/taller51.com\/colab\/wp-json\/wp\/v2\/pages"}],"about":[{"href":"https:\/\/taller51.com\/colab\/wp-json\/wp\/v2\/types\/page"}],"author":[{"embeddable":true,"href":"https:\/\/taller51.com\/colab\/wp-json\/wp\/v2\/users\/1"}],"replies":[{"embeddable":true,"href":"https:\/\/taller51.com\/colab\/wp-json\/wp\/v2\/comments?post=387"}],"version-history":[{"count":6,"href":"https:\/\/taller51.com\/colab\/wp-json\/wp\/v2\/pages\/387\/revisions"}],"predecessor-version":[{"id":692,"href":"https:\/\/taller51.com\/colab\/wp-json\/wp\/v2\/pages\/387\/revisions\/692"}],"wp:attachment":[{"href":"https:\/\/taller51.com\/colab\/wp-json\/wp\/v2\/media?parent=387"}],"curies":[{"name":"wp","href":"https:\/\/api.w.org\/{rel}","templated":true}]}}