{"id":695,"date":"2023-08-21T21:09:52","date_gmt":"2023-08-21T21:09:52","guid":{"rendered":"https:\/\/taller51.com\/colab\/?page_id=695"},"modified":"2026-04-24T15:31:05","modified_gmt":"2026-04-24T15:31:05","slug":"seminario","status":"publish","type":"page","link":"https:\/\/taller51.com\/colab\/seminario\/","title":{"rendered":"Seminario"},"content":{"rendered":"\n\n\n\n\n\n\n\n<p>SEMINARIO COLAB<\/p>\n\n\r\n<p>cambio clim\u00e1tico y territorios h\u00eddricos<\/p>\r\n\n\n\n\n\n\n\n\n\n<p><strong style=\"font-size: large;\">PRIMER SEMINARIO INTERNACIONAL COLAB CAMBIO CLIM\u00c1TICO Y TERRITORIOS H\u00cdDRICOS 2023.<\/strong><\/p>\n<p>El Seminario \u201cCambio Clim\u00e1tico y Territorios H\u00eddricos\u201d se ha planteado como una mirada cr\u00edtica, propositiva y como una oportunidad de visibilizar investigaciones y propuestas que surgen en relaci\u00f3n con esta problem\u00e1tica. El Seminario busca establecerse como un encuentro anual de discusi\u00f3n de estas materias tanto desde la perspectiva cient\u00edfica como de las disciplinas creativas.&nbsp;<\/p>\n<p>El primer Seminario COLAB <strong>Cambio Clim\u00e1tico y Territorios H\u00eddricos se realiz\u00f3 los d\u00edas 24, 25 y 26 de Abril de 2023&nbsp;<\/strong><font color=\"#474747\"><b>&nbsp;y cont\u00f3 con la participaci\u00f3n de representantes de las cuatro Universidades asociadas al proyecto y adem\u00e1s con ponencias de diversos investigadores y estudiantes que han acudido para participar del Seminario.&nbsp; El evento se desarroll\u00f3 de manera online y semi-presencial. Los tres d\u00edas fueron cubiertos en directo por UlagosTV a trav\u00e9s de su canal YouTube.<\/b><\/font><\/p>\n<p>El Seminario Internacional se desarroll\u00f3 en tres ejes tem\u00e1ticos asociados a tres escalas de los problemas causados por el cambio clim\u00e1tico y los territorios h\u00eddricos: <\/p>\n<p>Macroescala, urbano-metropolitana y soluciones basadas en la naturaleza.<\/p>\n<p>Mesoescala, local-proyectual, infraestructura y dise\u00f1o. <\/p>\n<p>Microescala, maneras de operar, herramientas de gesti\u00f3n frente al cambio clim\u00e1tico.<\/p>\n<p>Se realizaron 6 charlas clave dictadas por acad\u00e9micos de las cuatro universidades asociadas al CoLAB.<\/p>\n\n<p><strong>JORNADA INAUGURAL &#8211; 24 DE ABRIL 2023<\/strong><\/p>\n<p>El primer d\u00eda contamos con la charla clave de la doctora arquitecta Elizabeth Wagemann, Directora del Laboratorio Ciudad y Territorio de la FAAD de la Universidad Diego Portales. En la misma jornada y como evento central, se realiz\u00f3 la Charla Magistral a cargo del doctor arquitecto Juan Herreros, Acad\u00e9mico de la GSAPP de la Universidad de Columbia y la ETSAM de la Universidad Polit\u00e9cnica de Madrid. Junto con ellos, contamos con las ponencias de Clemente Lira, Mar\u00eda Bel\u00e9n Jorquera, Victoria Aguilera y Carlos Bustamante.<\/p>\n\n\n\n\n<p style=\"text-align: center;\"><span style=\"font-size: medium;\"><span style=\"font-size: x-large;\">CHARLA MAGISTRAL<\/span>&nbsp;<\/span><span style=\"font-size:large;\"><\/span><\/p>\n\n\n\n\n\n\n\n\n<p style=\"text-align: center;\"><span style=\"font-size: medium;\"><span style=\"font-size:x-large;\">CHARLA CLAVE&nbsp;<\/span><\/span><span style=\"font-size:large;\"><\/span><\/p>\n\n\n\n\n\n\n\n\n\n\n\n<p><strong>SEGUNDA JORNADA &#8211; 25 DE ABRIL 2023<\/strong><\/p>\n<p>En la segunda jornada se realizaron las charlas clave de la Doctora Arquitecta Paola Bracchi de la Universidad Cat\u00f3lica de Ecuador y Pedro Pedraza de la Universidad Diego Portales. Junto a ellos, contamos con las ponencias de Cristian Seguel, Susana L\u00f3pez, Crist\u00f3bal Noguera, Sebasti\u00e1n Laclab\u00e9re, Mariana Laveau y Andr\u00e9s Cataldo.<br><\/p>\n\n\n\n\n<p style=\"text-align: center;\"><span style=\"font-size: medium;\"><span style=\"font-size:x-large;\">CHARLA CLAVE&nbsp;<\/span><\/span><span style=\"font-size:large;\"><\/span><\/p>\n\n\n\n\n\n\n\n\n<p style=\"text-align: center;\"><span style=\"font-size: medium;\"><span style=\"font-size:x-large;\">CHARLA CLAVE&nbsp;<\/span><\/span><span style=\"font-size:large;\"><\/span><\/p>\n\n\n\n\n\n<p><strong>TERCERA JORNADA &#8211; 26 DE ABRIL 2023<\/strong><\/p>\n<p>En la tercera jornada se realizaron las charlas clave de Agust\u00edn Hern\u00e1ndez Aja de la ETSAM, Universidad Polit\u00e9cnica de Madrid, Claudio Magrini de la FAAD, Universidad Diego Portales y Jos\u00e9 LLano de la Universidad de Los Lagos. Junto a ellos tuvimos las ponencias de Ana Zazo, Andr\u00e9s San Mart\u00edn, Cynthia Urrutia y Camila Teutsch.<br><\/p>\n\n\n\n\n<p style=\"text-align: center;\"><span style=\"font-size: medium;\"><span style=\"font-size:x-large;\">CHARLA CLAVE&nbsp;<\/span><\/span><span style=\"font-size:large;\"><\/span><\/p>\n\n\n\n\n\n\n\n\n<p style=\"text-align: center;\"><span style=\"font-size: medium;\"><span style=\"font-size:x-large;\">CHARLA CLAVE&nbsp;<\/span><\/span><span style=\"font-size:large;\"><\/span><\/p>\n\n\n\n\n\n\n\n\n<p style=\"text-align: center;\"><span style=\"font-size: medium;\"><span style=\"font-size:x-large;\">CHARLA CLAVE&nbsp;<\/span><\/span><span style=\"font-size:large;\"><\/span><\/p>\n\n\n\n\n\n\n\n\n<p>EL COMIT\u00c9 ORGANIZADOR DESEA AGRADECER&nbsp; A TODAS Y TODOS LOS QUE HICIERON POSIBLE LA REALIZACI\u00d3N DE ESTE PRIMER SEMINARIO INTERNACIONAL COLAB.&nbsp;<\/p>\n\n\n\n\n\n\n\n\n\n\n\n","protected":false},"excerpt":{"rendered":"","protected":false},"author":1,"featured_media":0,"parent":0,"menu_order":0,"comment_status":"closed","ping_status":"closed","template":"","meta":{"nf_dc_page":"","pagelayer_contact_templates":[],"_pagelayer_content":"","footnotes":""},"class_list":["post-695","page","type-page","status-publish","hentry"],"_links":{"self":[{"href":"https:\/\/taller51.com\/colab\/wp-json\/wp\/v2\/pages\/695","targetHints":{"allow":["GET"]}}],"collection":[{"href":"https:\/\/taller51.com\/colab\/wp-json\/wp\/v2\/pages"}],"about":[{"href":"https:\/\/taller51.com\/colab\/wp-json\/wp\/v2\/types\/page"}],"author":[{"embeddable":true,"href":"https:\/\/taller51.com\/colab\/wp-json\/wp\/v2\/users\/1"}],"replies":[{"embeddable":true,"href":"https:\/\/taller51.com\/colab\/wp-json\/wp\/v2\/comments?post=695"}],"version-history":[{"count":5,"href":"https:\/\/taller51.com\/colab\/wp-json\/wp\/v2\/pages\/695\/revisions"}],"predecessor-version":[{"id":750,"href":"https:\/\/taller51.com\/colab\/wp-json\/wp\/v2\/pages\/695\/revisions\/750"}],"wp:attachment":[{"href":"https:\/\/taller51.com\/colab\/wp-json\/wp\/v2\/media?parent=695"}],"curies":[{"name":"wp","href":"https:\/\/api.w.org\/{rel}","templated":true}]}}